{"id":567,"date":"2024-11-05T17:26:55","date_gmt":"2024-11-05T16:26:55","guid":{"rendered":"https:\/\/mieldecannes.com\/?post_type=product&#038;p=567"},"modified":"2025-11-25T10:36:36","modified_gmt":"2025-11-25T09:36:36","slug":"food-chamber-miel-cannes","status":"publish","type":"product","link":"https:\/\/mieldecannes.com\/en\/product\/food-chamber-miel-cannes\/","title":{"rendered":"Food Chamber Miel de Cannes toutes fleurs (cadre de miel de Cannes en rayon) between 1200gr and 1500gr net product"},"content":{"rendered":"<p>Our Miel de Cannes is an all-flower honey, extracted pure and raw by hand.<\/p>\n<p>Let your taste buds savor its unctuous, gourmand, subtle and delicately sweet texture, it diffuses a fruity, woody, flowery and even malty flavor on the palate. Enthusiasts will be able to detect bank clover, rose, tamarisk, oak, citrus, maple, boxwood and even a marine influence thanks to our beautiful Mediterranean Sea.<\/p>\n<p><strong>Winner of the prestigious Paris Honey International Awards 2024 and Awards 2025.<\/strong><\/p>\n<div class=\"medaille-wrapper\">\n<div class=\"inner-medaille-col\"><img decoding=\"async\" class=\"medaille\" src=\"\/wp-content\/uploads\/2025\/07\/platinum-quality.png\" \/><br \/>\nPLATINUM QUALITY MEDALLIST<\/div>\n<div class=\"inner-medaille-col\"><img decoding=\"async\" class=\"medaille\" src=\"\/wp-content\/uploads\/2024\/11\/Paris-Honey-Quality-GOLD-2024.png\" \/><br \/>\nGOLD QUALITY MEDALLIST<\/div>\n<div class=\"inner-medaille-col\"><img decoding=\"async\" class=\"medaille\" src=\"\/wp-content\/uploads\/2024\/11\/Paris-Honey-Packaging-PLATINUM.png\" \/><br \/>\nPLATINUM PACKAGING MEDALLIST<\/div>\n<\/div>\n<p>Our all-flower Cannes honey is naturally rich in antioxidants, enzymes and essential nutrients thanks to the richness of the different pollens, and also has antibacterial and anti-inflammatory properties. It stimulates energy and promotes healing of wounds, sore throats and sleep.<\/p>\n<p>It's an ultra-comprehensive treatment for the immune system!<\/p>","protected":false},"excerpt":{"rendered":"<p>All-natural wax made by our bees (edible). An incredible experience in the mouth, this wax frame filled with honey can be cut up and plated around fruit, pastries, sorbets and other delicacies. Surprise your guests by presenting this honey frame at family, festive or formal events.<\/p>","protected":false},"featured_media":1053,"comment_status":"open","ping_status":"closed","template":"","meta":{"inline_featured_image":false},"product_brand":[],"product_cat":[18],"product_tag":[],"class_list":{"0":"post-567","1":"product","2":"type-product","3":"status-publish","4":"has-post-thumbnail","6":"product_cat-non-classe","8":"first","9":"outofstock","10":"shipping-taxable","11":"purchasable","12":"product-type-simple"},"yoast_head":"<!-- This site is optimized with the Yoast SEO plugin v27.4 - https:\/\/yoast.com\/product\/yoast-seo-wordpress\/ -->\n<title>Food Chamber Miel de Cannes toutes fleurs (cadre de miel de Cannes en rayon) entre 1200gr et 1500gr net produit - Miel De Cannes<\/title>\n<meta name=\"robots\" content=\"noindex, follow\" \/>\n<meta property=\"og:locale\" content=\"en_US\" \/>\n<meta property=\"og:type\" content=\"article\" \/>\n<meta property=\"og:title\" content=\"Food Chamber Miel de Cannes toutes fleurs (cadre de miel de Cannes en rayon) entre 1200gr et 1500gr net produit - Miel De Cannes\" \/>\n<meta property=\"og:description\" content=\"Cire enti\u00e8rement naturelle b\u00e2tie par nos abeilles (comestible).\u00a0Exp\u00e9rience incroyable en\u00a0bouche,\u00a0cadre de\u00a0cire rempli de miel\u00a0\u00e0 d\u00e9couper et \u00e0 mettre en assiette autour de fruits, p\u00e2tisseries, sorbets et autres gourmandises,\u00a0surprenez vos\u00a0h\u00f4tes en pr\u00e9sentant ce cadre de miel lors d&#039;\u00e9v\u00e9nements\u00a0familiaux, festifs ou protocolaire.\" \/>\n<meta property=\"og:url\" content=\"https:\/\/mieldecannes.com\/en\/product\/food-chamber-miel-cannes\/\" \/>\n<meta property=\"og:site_name\" content=\"Miel De Cannes\" \/>\n<meta property=\"article:modified_time\" content=\"2025-11-25T09:36:36+00:00\" \/>\n<meta property=\"og:image\" content=\"https:\/\/mieldecannes.com\/wp-content\/uploads\/2024\/11\/Geste-2-1-compressed.jpg\" \/>\n\t<meta property=\"og:image:width\" content=\"891\" \/>\n\t<meta property=\"og:image:height\" content=\"891\" \/>\n\t<meta property=\"og:image:type\" content=\"image\/jpeg\" \/>\n<meta name=\"twitter:card\" content=\"summary_large_image\" \/>\n<meta name=\"twitter:label1\" content=\"Est. reading time\" \/>\n\t<meta name=\"twitter:data1\" content=\"2 minutes\" \/>\n<script type=\"application\/ld+json\" class=\"yoast-schema-graph\">{\"@context\":\"https:\\\/\\\/schema.org\",\"@graph\":[{\"@type\":\"WebPage\",\"@id\":\"https:\\\/\\\/mieldecannes.com\\\/produit\\\/food-chamber-miel-cannes\\\/\",\"url\":\"https:\\\/\\\/mieldecannes.com\\\/produit\\\/food-chamber-miel-cannes\\\/\",\"name\":\"Food Chamber Miel de Cannes toutes fleurs (cadre de miel de Cannes en rayon) entre 1200gr et 1500gr net produit - Miel De Cannes\",\"isPartOf\":{\"@id\":\"https:\\\/\\\/mieldecannes.com\\\/#website\"},\"primaryImageOfPage\":{\"@id\":\"https:\\\/\\\/mieldecannes.com\\\/produit\\\/food-chamber-miel-cannes\\\/#primaryimage\"},\"image\":{\"@id\":\"https:\\\/\\\/mieldecannes.com\\\/produit\\\/food-chamber-miel-cannes\\\/#primaryimage\"},\"thumbnailUrl\":\"https:\\\/\\\/mieldecannes.com\\\/wp-content\\\/uploads\\\/2024\\\/11\\\/Geste-2-1-compressed.jpg\",\"datePublished\":\"2024-11-05T16:26:55+00:00\",\"dateModified\":\"2025-11-25T09:36:36+00:00\",\"breadcrumb\":{\"@id\":\"https:\\\/\\\/mieldecannes.com\\\/produit\\\/food-chamber-miel-cannes\\\/#breadcrumb\"},\"inLanguage\":\"en-US\",\"potentialAction\":[{\"@type\":\"ReadAction\",\"target\":[\"https:\\\/\\\/mieldecannes.com\\\/produit\\\/food-chamber-miel-cannes\\\/\"]}]},{\"@type\":\"ImageObject\",\"inLanguage\":\"en-US\",\"@id\":\"https:\\\/\\\/mieldecannes.com\\\/produit\\\/food-chamber-miel-cannes\\\/#primaryimage\",\"url\":\"https:\\\/\\\/mieldecannes.com\\\/wp-content\\\/uploads\\\/2024\\\/11\\\/Geste-2-1-compressed.jpg\",\"contentUrl\":\"https:\\\/\\\/mieldecannes.com\\\/wp-content\\\/uploads\\\/2024\\\/11\\\/Geste-2-1-compressed.jpg\",\"width\":891,\"height\":891},{\"@type\":\"BreadcrumbList\",\"@id\":\"https:\\\/\\\/mieldecannes.com\\\/produit\\\/food-chamber-miel-cannes\\\/#breadcrumb\",\"itemListElement\":[{\"@type\":\"ListItem\",\"position\":1,\"name\":\"Accueil\",\"item\":\"https:\\\/\\\/mieldecannes.com\\\/\"},{\"@type\":\"ListItem\",\"position\":2,\"name\":\"Boutique\",\"item\":\"https:\\\/\\\/mieldecannes.com\\\/boutique\\\/\"},{\"@type\":\"ListItem\",\"position\":3,\"name\":\"Food Chamber Miel de Cannes toutes fleurs (cadre de miel de Cannes en rayon) entre 1200gr et 1500gr net produit\"}]},{\"@type\":\"WebSite\",\"@id\":\"https:\\\/\\\/mieldecannes.com\\\/#website\",\"url\":\"https:\\\/\\\/mieldecannes.com\\\/\",\"name\":\"Miel De Cannes\",\"description\":\"\",\"publisher\":{\"@id\":\"https:\\\/\\\/mieldecannes.com\\\/#organization\"},\"potentialAction\":[{\"@type\":\"SearchAction\",\"target\":{\"@type\":\"EntryPoint\",\"urlTemplate\":\"https:\\\/\\\/mieldecannes.com\\\/?s={search_term_string}\"},\"query-input\":{\"@type\":\"PropertyValueSpecification\",\"valueRequired\":true,\"valueName\":\"search_term_string\"}}],\"inLanguage\":\"en-US\"},{\"@type\":\"Organization\",\"@id\":\"https:\\\/\\\/mieldecannes.com\\\/#organization\",\"name\":\"Miel De Cannes\",\"url\":\"https:\\\/\\\/mieldecannes.com\\\/\",\"logo\":{\"@type\":\"ImageObject\",\"inLanguage\":\"en-US\",\"@id\":\"https:\\\/\\\/mieldecannes.com\\\/#\\\/schema\\\/logo\\\/image\\\/\",\"url\":\"https:\\\/\\\/mieldecannes.com\\\/wp-content\\\/uploads\\\/2023\\\/03\\\/logo-miel-de-cannes-NOIR-1.png\",\"contentUrl\":\"https:\\\/\\\/mieldecannes.com\\\/wp-content\\\/uploads\\\/2023\\\/03\\\/logo-miel-de-cannes-NOIR-1.png\",\"width\":1654,\"height\":1066,\"caption\":\"Miel De Cannes\"},\"image\":{\"@id\":\"https:\\\/\\\/mieldecannes.com\\\/#\\\/schema\\\/logo\\\/image\\\/\"}}]}<\/script>\n<!-- \/ Yoast SEO plugin. -->","yoast_head_json":{"title":"Food Chamber Miel de Cannes toutes fleurs (cadre de miel de Cannes en rayon) between 1200gr and 1500gr net product - Miel De Cannes","robots":{"index":"noindex","follow":"follow"},"og_locale":"en_US","og_type":"article","og_title":"Food Chamber Miel de Cannes toutes fleurs (cadre de miel de Cannes en rayon) entre 1200gr et 1500gr net produit - Miel De Cannes","og_description":"Cire enti\u00e8rement naturelle b\u00e2tie par nos abeilles (comestible).\u00a0Exp\u00e9rience incroyable en\u00a0bouche,\u00a0cadre de\u00a0cire rempli de miel\u00a0\u00e0 d\u00e9couper et \u00e0 mettre en assiette autour de fruits, p\u00e2tisseries, sorbets et autres gourmandises,\u00a0surprenez vos\u00a0h\u00f4tes en pr\u00e9sentant ce cadre de miel lors d'\u00e9v\u00e9nements\u00a0familiaux, festifs ou protocolaire.","og_url":"https:\/\/mieldecannes.com\/en\/product\/food-chamber-miel-cannes\/","og_site_name":"Miel De Cannes","article_modified_time":"2025-11-25T09:36:36+00:00","og_image":[{"width":891,"height":891,"url":"https:\/\/mieldecannes.com\/wp-content\/uploads\/2024\/11\/Geste-2-1-compressed.jpg","type":"image\/jpeg"}],"twitter_card":"summary_large_image","twitter_misc":{"Est. reading time":"2 minutes"},"schema":{"@context":"https:\/\/schema.org","@graph":[{"@type":"WebPage","@id":"https:\/\/mieldecannes.com\/produit\/food-chamber-miel-cannes\/","url":"https:\/\/mieldecannes.com\/produit\/food-chamber-miel-cannes\/","name":"Food Chamber Miel de Cannes toutes fleurs (cadre de miel de Cannes en rayon) between 1200gr and 1500gr net product - Miel De Cannes","isPartOf":{"@id":"https:\/\/mieldecannes.com\/#website"},"primaryImageOfPage":{"@id":"https:\/\/mieldecannes.com\/produit\/food-chamber-miel-cannes\/#primaryimage"},"image":{"@id":"https:\/\/mieldecannes.com\/produit\/food-chamber-miel-cannes\/#primaryimage"},"thumbnailUrl":"https:\/\/mieldecannes.com\/wp-content\/uploads\/2024\/11\/Geste-2-1-compressed.jpg","datePublished":"2024-11-05T16:26:55+00:00","dateModified":"2025-11-25T09:36:36+00:00","breadcrumb":{"@id":"https:\/\/mieldecannes.com\/produit\/food-chamber-miel-cannes\/#breadcrumb"},"inLanguage":"en-US","potentialAction":[{"@type":"ReadAction","target":["https:\/\/mieldecannes.com\/produit\/food-chamber-miel-cannes\/"]}]},{"@type":"ImageObject","inLanguage":"en-US","@id":"https:\/\/mieldecannes.com\/produit\/food-chamber-miel-cannes\/#primaryimage","url":"https:\/\/mieldecannes.com\/wp-content\/uploads\/2024\/11\/Geste-2-1-compressed.jpg","contentUrl":"https:\/\/mieldecannes.com\/wp-content\/uploads\/2024\/11\/Geste-2-1-compressed.jpg","width":891,"height":891},{"@type":"BreadcrumbList","@id":"https:\/\/mieldecannes.com\/produit\/food-chamber-miel-cannes\/#breadcrumb","itemListElement":[{"@type":"ListItem","position":1,"name":"Accueil","item":"https:\/\/mieldecannes.com\/"},{"@type":"ListItem","position":2,"name":"Boutique","item":"https:\/\/mieldecannes.com\/boutique\/"},{"@type":"ListItem","position":3,"name":"Food Chamber Miel de Cannes toutes fleurs (cadre de miel de Cannes en rayon) entre 1200gr et 1500gr net produit"}]},{"@type":"WebSite","@id":"https:\/\/mieldecannes.com\/#website","url":"https:\/\/mieldecannes.com\/","name":"Cannes Honey","description":"","publisher":{"@id":"https:\/\/mieldecannes.com\/#organization"},"potentialAction":[{"@type":"SearchAction","target":{"@type":"EntryPoint","urlTemplate":"https:\/\/mieldecannes.com\/?s={search_term_string}"},"query-input":{"@type":"PropertyValueSpecification","valueRequired":true,"valueName":"search_term_string"}}],"inLanguage":"en-US"},{"@type":"Organization","@id":"https:\/\/mieldecannes.com\/#organization","name":"Cannes Honey","url":"https:\/\/mieldecannes.com\/","logo":{"@type":"ImageObject","inLanguage":"en-US","@id":"https:\/\/mieldecannes.com\/#\/schema\/logo\/image\/","url":"https:\/\/mieldecannes.com\/wp-content\/uploads\/2023\/03\/logo-miel-de-cannes-NOIR-1.png","contentUrl":"https:\/\/mieldecannes.com\/wp-content\/uploads\/2023\/03\/logo-miel-de-cannes-NOIR-1.png","width":1654,"height":1066,"caption":"Miel De Cannes"},"image":{"@id":"https:\/\/mieldecannes.com\/#\/schema\/logo\/image\/"}}]}},"_links":{"self":[{"href":"https:\/\/mieldecannes.com\/en\/wp-json\/wp\/v2\/product\/567","targetHints":{"allow":["GET"]}}],"collection":[{"href":"https:\/\/mieldecannes.com\/en\/wp-json\/wp\/v2\/product"}],"about":[{"href":"https:\/\/mieldecannes.com\/en\/wp-json\/wp\/v2\/types\/product"}],"replies":[{"embeddable":true,"href":"https:\/\/mieldecannes.com\/en\/wp-json\/wp\/v2\/comments?post=567"}],"wp:featuredmedia":[{"embeddable":true,"href":"https:\/\/mieldecannes.com\/en\/wp-json\/wp\/v2\/media\/1053"}],"wp:attachment":[{"href":"https:\/\/mieldecannes.com\/en\/wp-json\/wp\/v2\/media?parent=567"}],"wp:term":[{"taxonomy":"product_brand","embeddable":true,"href":"https:\/\/mieldecannes.com\/en\/wp-json\/wp\/v2\/product_brand?post=567"},{"taxonomy":"product_cat","embeddable":true,"href":"https:\/\/mieldecannes.com\/en\/wp-json\/wp\/v2\/product_cat?post=567"},{"taxonomy":"product_tag","embeddable":true,"href":"https:\/\/mieldecannes.com\/en\/wp-json\/wp\/v2\/product_tag?post=567"}],"curies":[{"name":"wp","href":"https:\/\/api.w.org\/{rel}","templated":true}]}}