{"id":572,"date":"2024-11-07T10:03:06","date_gmt":"2024-11-07T09:03:06","guid":{"rendered":"https:\/\/mieldecannes.com\/?post_type=product&#038;p=572"},"modified":"2026-01-15T20:38:49","modified_gmt":"2026-01-15T19:38:49","slug":"bonbons-miel-cannes-100g","status":"publish","type":"product","link":"https:\/\/mieldecannes.com\/en\/product\/bonbons-miel-cannes-100g\/","title":{"rendered":"Cannes honey sucking candies 100 grams net product"},"content":{"rendered":"<p>Produced by the \u00abMaison Florian\u00bb confectionery for Miel de Cannes, in keeping with the company's commitment to local production, this old-fashioned, artisanal recipe is made from just 4 natural ingredients: Miel de Cannes, sugar, glucose syrup and water. Delicious and tasty, it diffuses the sweet scent of honey and soothes the lining of your throat with its antiseptic and anti-inflammatory properties.<br \/>\nBe careful, this candy is addictive!<\/p>\n<div class=\"medaille-wrapper\">\n<div class=\"inner-medaille-col\"><img decoding=\"async\" class=\"medaille\" src=\"\/wp-content\/uploads\/2025\/07\/platinum-quality.png\" \/><br \/>\nPLATINUM QUALITY MEDALLIST<\/div>\n<div class=\"inner-medaille-col\"><img decoding=\"async\" class=\"medaille\" src=\"\/wp-content\/uploads\/2024\/11\/Paris-Honey-Quality-GOLD-2024.png\" \/><br \/>\nGOLD QUALITY MEDALLIST<\/div>\n<div class=\"inner-medaille-col\"><img decoding=\"async\" class=\"medaille\" src=\"\/wp-content\/uploads\/2024\/11\/Paris-Honey-Packaging-PLATINUM.png\" \/><br \/>\nPLATINUM PACKAGING MEDALLIST<\/div>\n<\/div>","protected":false},"excerpt":{"rendered":"<p>Comes with matching bag, for gift-giving or self-indulgence. Ideal size for a bag, your workplace, or simply on a coffee table.<\/p>","protected":false},"featured_media":557,"comment_status":"open","ping_status":"closed","template":"","meta":{"inline_featured_image":false},"product_brand":[],"product_cat":[18],"product_tag":[],"class_list":{"0":"post-572","1":"product","2":"type-product","3":"status-publish","4":"has-post-thumbnail","6":"product_cat-non-classe","8":"first","9":"instock","10":"shipping-taxable","11":"purchasable","12":"product-type-simple"},"yoast_head":"<!-- This site is optimized with the Yoast SEO plugin v27.4 - https:\/\/yoast.com\/product\/yoast-seo-wordpress\/ -->\n<title>Pot de bonbons \u00e0 sucer au miel de Cannes 100 grammes net produit - Miel De Cannes<\/title>\n<meta name=\"robots\" content=\"noindex, follow\" \/>\n<meta property=\"og:locale\" content=\"en_US\" \/>\n<meta property=\"og:type\" content=\"article\" \/>\n<meta property=\"og:title\" content=\"Pot de bonbons \u00e0 sucer au miel de Cannes 100 grammes net produit - Miel De Cannes\" \/>\n<meta property=\"og:description\" content=\"Livr\u00e9 avec son sac assorti, pour offrir ou se faire plaisir. Format id\u00e9al pour mettre dans un sac, son lieu de travail, ou tout simplement sur une table de salon.\" \/>\n<meta property=\"og:url\" content=\"https:\/\/mieldecannes.com\/en\/product\/bonbons-miel-cannes-100g\/\" \/>\n<meta property=\"og:site_name\" content=\"Miel De Cannes\" \/>\n<meta property=\"article:modified_time\" content=\"2026-01-15T19:38:49+00:00\" \/>\n<meta property=\"og:image\" content=\"https:\/\/mieldecannes.com\/wp-content\/uploads\/2024\/11\/bonbons-100.jpg\" \/>\n\t<meta property=\"og:image:width\" content=\"891\" \/>\n\t<meta property=\"og:image:height\" content=\"891\" \/>\n\t<meta property=\"og:image:type\" content=\"image\/jpeg\" \/>\n<meta name=\"twitter:card\" content=\"summary_large_image\" \/>\n<meta name=\"twitter:label1\" content=\"Est. reading time\" \/>\n\t<meta name=\"twitter:data1\" content=\"2 minutes\" \/>\n<script type=\"application\/ld+json\" class=\"yoast-schema-graph\">{\"@context\":\"https:\\\/\\\/schema.org\",\"@graph\":[{\"@type\":\"WebPage\",\"@id\":\"https:\\\/\\\/mieldecannes.com\\\/produit\\\/bonbons-miel-cannes-100g\\\/\",\"url\":\"https:\\\/\\\/mieldecannes.com\\\/produit\\\/bonbons-miel-cannes-100g\\\/\",\"name\":\"Pot de bonbons \u00e0 sucer au miel de Cannes 100 grammes net produit - Miel De Cannes\",\"isPartOf\":{\"@id\":\"https:\\\/\\\/mieldecannes.com\\\/#website\"},\"primaryImageOfPage\":{\"@id\":\"https:\\\/\\\/mieldecannes.com\\\/produit\\\/bonbons-miel-cannes-100g\\\/#primaryimage\"},\"image\":{\"@id\":\"https:\\\/\\\/mieldecannes.com\\\/produit\\\/bonbons-miel-cannes-100g\\\/#primaryimage\"},\"thumbnailUrl\":\"https:\\\/\\\/mieldecannes.com\\\/wp-content\\\/uploads\\\/2024\\\/11\\\/bonbons-100.jpg\",\"datePublished\":\"2024-11-07T09:03:06+00:00\",\"dateModified\":\"2026-01-15T19:38:49+00:00\",\"breadcrumb\":{\"@id\":\"https:\\\/\\\/mieldecannes.com\\\/produit\\\/bonbons-miel-cannes-100g\\\/#breadcrumb\"},\"inLanguage\":\"en-US\",\"potentialAction\":[{\"@type\":\"ReadAction\",\"target\":[\"https:\\\/\\\/mieldecannes.com\\\/produit\\\/bonbons-miel-cannes-100g\\\/\"]}]},{\"@type\":\"ImageObject\",\"inLanguage\":\"en-US\",\"@id\":\"https:\\\/\\\/mieldecannes.com\\\/produit\\\/bonbons-miel-cannes-100g\\\/#primaryimage\",\"url\":\"https:\\\/\\\/mieldecannes.com\\\/wp-content\\\/uploads\\\/2024\\\/11\\\/bonbons-100.jpg\",\"contentUrl\":\"https:\\\/\\\/mieldecannes.com\\\/wp-content\\\/uploads\\\/2024\\\/11\\\/bonbons-100.jpg\",\"width\":891,\"height\":891},{\"@type\":\"BreadcrumbList\",\"@id\":\"https:\\\/\\\/mieldecannes.com\\\/produit\\\/bonbons-miel-cannes-100g\\\/#breadcrumb\",\"itemListElement\":[{\"@type\":\"ListItem\",\"position\":1,\"name\":\"Accueil\",\"item\":\"https:\\\/\\\/mieldecannes.com\\\/\"},{\"@type\":\"ListItem\",\"position\":2,\"name\":\"Boutique\",\"item\":\"https:\\\/\\\/mieldecannes.com\\\/boutique\\\/\"},{\"@type\":\"ListItem\",\"position\":3,\"name\":\"Pot de bonbons \u00e0 sucer au miel de Cannes 100 grammes net produit\"}]},{\"@type\":\"WebSite\",\"@id\":\"https:\\\/\\\/mieldecannes.com\\\/#website\",\"url\":\"https:\\\/\\\/mieldecannes.com\\\/\",\"name\":\"Miel De Cannes\",\"description\":\"\",\"publisher\":{\"@id\":\"https:\\\/\\\/mieldecannes.com\\\/#organization\"},\"potentialAction\":[{\"@type\":\"SearchAction\",\"target\":{\"@type\":\"EntryPoint\",\"urlTemplate\":\"https:\\\/\\\/mieldecannes.com\\\/?s={search_term_string}\"},\"query-input\":{\"@type\":\"PropertyValueSpecification\",\"valueRequired\":true,\"valueName\":\"search_term_string\"}}],\"inLanguage\":\"en-US\"},{\"@type\":\"Organization\",\"@id\":\"https:\\\/\\\/mieldecannes.com\\\/#organization\",\"name\":\"Miel De Cannes\",\"url\":\"https:\\\/\\\/mieldecannes.com\\\/\",\"logo\":{\"@type\":\"ImageObject\",\"inLanguage\":\"en-US\",\"@id\":\"https:\\\/\\\/mieldecannes.com\\\/#\\\/schema\\\/logo\\\/image\\\/\",\"url\":\"https:\\\/\\\/mieldecannes.com\\\/wp-content\\\/uploads\\\/2023\\\/03\\\/logo-miel-de-cannes-NOIR-1.png\",\"contentUrl\":\"https:\\\/\\\/mieldecannes.com\\\/wp-content\\\/uploads\\\/2023\\\/03\\\/logo-miel-de-cannes-NOIR-1.png\",\"width\":1654,\"height\":1066,\"caption\":\"Miel De Cannes\"},\"image\":{\"@id\":\"https:\\\/\\\/mieldecannes.com\\\/#\\\/schema\\\/logo\\\/image\\\/\"}}]}<\/script>\n<!-- \/ Yoast SEO plugin. -->","yoast_head_json":{"title":"Cannes honey sucking candies 100 grams net product - Miel De Cannes","robots":{"index":"noindex","follow":"follow"},"og_locale":"en_US","og_type":"article","og_title":"Pot de bonbons \u00e0 sucer au miel de Cannes 100 grammes net produit - Miel De Cannes","og_description":"Livr\u00e9 avec son sac assorti, pour offrir ou se faire plaisir. Format id\u00e9al pour mettre dans un sac, son lieu de travail, ou tout simplement sur une table de salon.","og_url":"https:\/\/mieldecannes.com\/en\/product\/bonbons-miel-cannes-100g\/","og_site_name":"Miel De Cannes","article_modified_time":"2026-01-15T19:38:49+00:00","og_image":[{"width":891,"height":891,"url":"https:\/\/mieldecannes.com\/wp-content\/uploads\/2024\/11\/bonbons-100.jpg","type":"image\/jpeg"}],"twitter_card":"summary_large_image","twitter_misc":{"Est. reading time":"2 minutes"},"schema":{"@context":"https:\/\/schema.org","@graph":[{"@type":"WebPage","@id":"https:\/\/mieldecannes.com\/produit\/bonbons-miel-cannes-100g\/","url":"https:\/\/mieldecannes.com\/produit\/bonbons-miel-cannes-100g\/","name":"Cannes honey sucking candies 100 grams net product - Miel De Cannes","isPartOf":{"@id":"https:\/\/mieldecannes.com\/#website"},"primaryImageOfPage":{"@id":"https:\/\/mieldecannes.com\/produit\/bonbons-miel-cannes-100g\/#primaryimage"},"image":{"@id":"https:\/\/mieldecannes.com\/produit\/bonbons-miel-cannes-100g\/#primaryimage"},"thumbnailUrl":"https:\/\/mieldecannes.com\/wp-content\/uploads\/2024\/11\/bonbons-100.jpg","datePublished":"2024-11-07T09:03:06+00:00","dateModified":"2026-01-15T19:38:49+00:00","breadcrumb":{"@id":"https:\/\/mieldecannes.com\/produit\/bonbons-miel-cannes-100g\/#breadcrumb"},"inLanguage":"en-US","potentialAction":[{"@type":"ReadAction","target":["https:\/\/mieldecannes.com\/produit\/bonbons-miel-cannes-100g\/"]}]},{"@type":"ImageObject","inLanguage":"en-US","@id":"https:\/\/mieldecannes.com\/produit\/bonbons-miel-cannes-100g\/#primaryimage","url":"https:\/\/mieldecannes.com\/wp-content\/uploads\/2024\/11\/bonbons-100.jpg","contentUrl":"https:\/\/mieldecannes.com\/wp-content\/uploads\/2024\/11\/bonbons-100.jpg","width":891,"height":891},{"@type":"BreadcrumbList","@id":"https:\/\/mieldecannes.com\/produit\/bonbons-miel-cannes-100g\/#breadcrumb","itemListElement":[{"@type":"ListItem","position":1,"name":"Accueil","item":"https:\/\/mieldecannes.com\/"},{"@type":"ListItem","position":2,"name":"Boutique","item":"https:\/\/mieldecannes.com\/boutique\/"},{"@type":"ListItem","position":3,"name":"Pot de bonbons \u00e0 sucer au miel de Cannes 100 grammes net produit"}]},{"@type":"WebSite","@id":"https:\/\/mieldecannes.com\/#website","url":"https:\/\/mieldecannes.com\/","name":"Cannes Honey","description":"","publisher":{"@id":"https:\/\/mieldecannes.com\/#organization"},"potentialAction":[{"@type":"SearchAction","target":{"@type":"EntryPoint","urlTemplate":"https:\/\/mieldecannes.com\/?s={search_term_string}"},"query-input":{"@type":"PropertyValueSpecification","valueRequired":true,"valueName":"search_term_string"}}],"inLanguage":"en-US"},{"@type":"Organization","@id":"https:\/\/mieldecannes.com\/#organization","name":"Cannes Honey","url":"https:\/\/mieldecannes.com\/","logo":{"@type":"ImageObject","inLanguage":"en-US","@id":"https:\/\/mieldecannes.com\/#\/schema\/logo\/image\/","url":"https:\/\/mieldecannes.com\/wp-content\/uploads\/2023\/03\/logo-miel-de-cannes-NOIR-1.png","contentUrl":"https:\/\/mieldecannes.com\/wp-content\/uploads\/2023\/03\/logo-miel-de-cannes-NOIR-1.png","width":1654,"height":1066,"caption":"Miel De Cannes"},"image":{"@id":"https:\/\/mieldecannes.com\/#\/schema\/logo\/image\/"}}]}},"_links":{"self":[{"href":"https:\/\/mieldecannes.com\/en\/wp-json\/wp\/v2\/product\/572","targetHints":{"allow":["GET"]}}],"collection":[{"href":"https:\/\/mieldecannes.com\/en\/wp-json\/wp\/v2\/product"}],"about":[{"href":"https:\/\/mieldecannes.com\/en\/wp-json\/wp\/v2\/types\/product"}],"replies":[{"embeddable":true,"href":"https:\/\/mieldecannes.com\/en\/wp-json\/wp\/v2\/comments?post=572"}],"wp:featuredmedia":[{"embeddable":true,"href":"https:\/\/mieldecannes.com\/en\/wp-json\/wp\/v2\/media\/557"}],"wp:attachment":[{"href":"https:\/\/mieldecannes.com\/en\/wp-json\/wp\/v2\/media?parent=572"}],"wp:term":[{"taxonomy":"product_brand","embeddable":true,"href":"https:\/\/mieldecannes.com\/en\/wp-json\/wp\/v2\/product_brand?post=572"},{"taxonomy":"product_cat","embeddable":true,"href":"https:\/\/mieldecannes.com\/en\/wp-json\/wp\/v2\/product_cat?post=572"},{"taxonomy":"product_tag","embeddable":true,"href":"https:\/\/mieldecannes.com\/en\/wp-json\/wp\/v2\/product_tag?post=572"}],"curies":[{"name":"wp","href":"https:\/\/api.w.org\/{rel}","templated":true}]}}